{"id":9044,"date":"2025-10-04T14:11:38","date_gmt":"2025-10-04T12:11:38","guid":{"rendered":"https:\/\/www.ngdcare.nl\/?post_type=product&#038;p=9044"},"modified":"2025-10-04T14:20:42","modified_gmt":"2025-10-04T12:20:42","slug":"gronkal-kopie","status":"publish","type":"product","link":"https:\/\/www.ngdcare.nl\/sv\/product\/human-health\/supermat-och-te\/superfoods-supermat\/gronkal-kopie\/","title":{"rendered":"Gr\u00f6nk\u00e5l"},"content":{"rendered":"<p data-start=\"508\" data-end=\"673\"><strong data-start=\"508\" data-end=\"537\">NGD Care Kale Powder<\/strong> \u00e4r ett 100 % rent ekologiskt pulver tillverkat av torkade gr\u00f6na gr\u00f6nk\u00e5lsblad \u2013 en av de mest kompletta vegetabiliska superfoods i v\u00e4rlden.<\/p>\n<p data-start=\"675\" data-end=\"1037\">Gr\u00f6nk\u00e5l \u00e4r naturligt rik p\u00e5 <strong data-start=\"709\" data-end=\"757\">vitamin A, C, K och hela B-komplexet<\/strong> och inneh\u00e5ller viktiga <strong data-start=\"780\" data-end=\"793\">mineraler<\/strong> som kalcium, magnesium, kalium, j\u00e4rn och mangan. Dessutom \u00e4r den s\u00e4rskilt rik p\u00e5 <strong data-start=\"882\" data-end=\"912\">klorofyll och antioxidanter<\/strong>, som bidrar till att skydda cellerna fr\u00e5n oxidativ stress och st\u00f6der naturliga avgiftningsprocesser. <\/p>\n<p data-start=\"1039\" data-end=\"1279\">Tack vare sin milda, l\u00e4tt jordn\u00e4ra smak och h\u00f6ga n\u00e4ringst\u00e4thet \u00e4r detta pulver ett perfekt komplement till den dagliga kosten. Anv\u00e4nd den i smoothies, juicer, soppor eller sallader som en naturlig k\u00e4lla till energi, motst\u00e5ndskraft och vitalitet. <\/p>\n<p data-start=\"1281\" data-end=\"1301\"><strong data-start=\"1281\" data-end=\"1299\">Egenskaper:<\/strong><\/p>\n<ul>\n<li data-start=\"1304\" data-end=\"1356\">100 % ekologisk, utan tillsatser eller fyllmedel<\/li>\n<li data-start=\"1359\" data-end=\"1407\">Rik p\u00e5 vitaminer, mineraler och antioxidanter<\/li>\n<li data-start=\"1410\" data-end=\"1456\">St\u00f6djer vitalitet och naturlig balans<\/li>\n<li data-start=\"1459\" data-end=\"1507\">Neutral smak \u2013 perfekt f\u00f6r dagligt bruk<\/li>\n<li data-start=\"1510\" data-end=\"1551\">L\u00e4mplig f\u00f6r vegetarianer och veganer<\/li>\n<\/ul>\n","protected":false},"excerpt":{"rendered":"<p data-start=\"316\" data-end=\"465\">100% rent ekologiskt gr\u00f6nk\u00e5lspulver. Rik p\u00e5 vitaminer, mineraler, klorofyll och antioxidanter. F\u00f6r naturlig vitalitet och daglig balans.  <\/p>\n","protected":false},"featured_media":11312,"comment_status":"open","ping_status":"closed","template":"","meta":{"wds_primary_product_brand":0,"wds_primary_product_cat":0,"wds_primary_merken":0},"product_brand":[],"product_cat":[4766],"product_tag":[],"merken":[],"class_list":{"0":"post-9044","1":"product","2":"type-product","3":"status-publish","4":"has-post-thumbnail","6":"product_cat-superfoods-supermat","7":"infinite-scroll-item","8":"sales-flash-overlay","9":"woocommerce-text-align-center","10":"woocommerce-image-align-center","11":"do-quantity-buttons","13":"first","14":"instock","15":"taxable","16":"shipping-taxable","17":"purchasable","18":"product-type-simple"},"_links":{"self":[{"href":"https:\/\/www.ngdcare.nl\/sv\/wp-json\/wp\/v2\/product\/9044","targetHints":{"allow":["GET"]}}],"collection":[{"href":"https:\/\/www.ngdcare.nl\/sv\/wp-json\/wp\/v2\/product"}],"about":[{"href":"https:\/\/www.ngdcare.nl\/sv\/wp-json\/wp\/v2\/types\/product"}],"replies":[{"embeddable":true,"href":"https:\/\/www.ngdcare.nl\/sv\/wp-json\/wp\/v2\/comments?post=9044"}],"wp:featuredmedia":[{"embeddable":true,"href":"https:\/\/www.ngdcare.nl\/sv\/wp-json\/wp\/v2\/media\/11312"}],"wp:attachment":[{"href":"https:\/\/www.ngdcare.nl\/sv\/wp-json\/wp\/v2\/media?parent=9044"}],"wp:term":[{"taxonomy":"product_brand","embeddable":true,"href":"https:\/\/www.ngdcare.nl\/sv\/wp-json\/wp\/v2\/product_brand?post=9044"},{"taxonomy":"product_cat","embeddable":true,"href":"https:\/\/www.ngdcare.nl\/sv\/wp-json\/wp\/v2\/product_cat?post=9044"},{"taxonomy":"product_tag","embeddable":true,"href":"https:\/\/www.ngdcare.nl\/sv\/wp-json\/wp\/v2\/product_tag?post=9044"},{"taxonomy":"merken","embeddable":true,"href":"https:\/\/www.ngdcare.nl\/sv\/wp-json\/wp\/v2\/merken?post=9044"}],"curies":[{"name":"wp","href":"https:\/\/api.w.org\/{rel}","templated":true}]}}