{"id":9055,"date":"2025-10-04T14:22:29","date_gmt":"2025-10-04T12:22:29","guid":{"rendered":"https:\/\/www.ngdcare.nl\/?post_type=product&#038;p=9055"},"modified":"2025-10-04T15:57:12","modified_gmt":"2025-10-04T13:57:12","slug":"broccoli-kopie","status":"publish","type":"product","link":"https:\/\/www.ngdcare.nl\/sv\/product\/human-health\/supermat-och-te\/superfoods-supermat\/broccoli-kopie\/","title":{"rendered":"Broccoli"},"content":{"rendered":"<p data-start=\"590\" data-end=\"898\"><strong data-start=\"590\" data-end=\"619\">NGD Care \u2013 Broccolipulver<\/strong> \u00e4r ett kraftfullt, helt naturligt berikande baserat p\u00e5 ekologisk broccoli. Pulvret \u00e4r tillverkat <strong data-start=\"734\" data-end=\"805\">av alla \u00e4tbara delar av v\u00e4xten \u2013 buketter, blad och tunna stj\u00e4lkar<\/strong> \u2013 f\u00f6r att bevara dess fulla n\u00e4ringsv\u00e4rde och ett brett spektrum av bioaktiva f\u00f6reningar. <\/p>\n<p data-start=\"900\" data-end=\"1282\">Broccoli \u00e4r rik p\u00e5 <strong data-start=\"921\" data-end=\"979\">fibrer, betakaroten, vitamin C, K och B9 (folat)<\/strong> och viktiga <strong data-start=\"995\" data-end=\"1008\">mineraler<\/strong> som kalcium, kalium och magnesium. Dessutom inneh\u00e5ller den naturligt <strong data-start=\"1076\" data-end=\"1094\">glukosinolater<\/strong>, inklusive <strong data-start=\"1106\" data-end=\"1121\">sulforafan<\/strong> \u2013 en bioaktiv f\u00f6rening som har studerats vetenskapligt f\u00f6r sin roll i att st\u00f6dja cellul\u00e4rt f\u00f6rsvar och den naturliga avgiftningsprocessen. <\/p>\n<p data-start=\"1284\" data-end=\"1504\">Med sin milda, gr\u00f6na smak \u00e4r detta pulver perfekt som ett dagligt tillskott till en h\u00e4lsosam kost. Anv\u00e4nd den i smoothies, juicer, soppor eller salta r\u00e4tter f\u00f6r extra n\u00e4ringsv\u00e4rde och en subtil touch av gr\u00f6nsaker. <\/p>\n<p data-start=\"1506\" data-end=\"1526\"><strong data-start=\"1506\" data-end=\"1524\">Egenskaper:<\/strong><\/p>\n<ul>\n<li data-start=\"1529\" data-end=\"1581\">100 % ekologisk, utan tillsatser eller fyllmedel<\/li>\n<li data-start=\"1584\" data-end=\"1632\">Rik p\u00e5 vitaminer, mineraler och antioxidanter<\/li>\n<li data-start=\"1635\" data-end=\"1689\">Inneh\u00e5ller naturliga glukosinolater (t.ex. sulforafan)<\/li>\n<li data-start=\"1692\" data-end=\"1734\">Mild i smaken och l\u00e4tt att anv\u00e4nda<\/li>\n<li data-start=\"1737\" data-end=\"1778\">L\u00e4mplig f\u00f6r vegetarianer och veganer<\/li>\n<\/ul>\n","protected":false},"excerpt":{"rendered":"<p class=\"p1\">Ekologiskt broccolipulver fr\u00e5n hela v\u00e4xter (buketter, blad och stj\u00e4lkar). Rik p\u00e5 vitaminer, mineraler och naturliga glukosinolater som sulforafan. <\/p>\n","protected":false},"featured_media":11244,"comment_status":"open","ping_status":"closed","template":"","meta":{"wds_primary_product_brand":0,"wds_primary_product_cat":188,"wds_primary_merken":0},"product_brand":[],"product_cat":[4766],"product_tag":[],"merken":[],"class_list":{"0":"post-9055","1":"product","2":"type-product","3":"status-publish","4":"has-post-thumbnail","6":"product_cat-superfoods-supermat","7":"infinite-scroll-item","8":"sales-flash-overlay","9":"woocommerce-text-align-center","10":"woocommerce-image-align-center","11":"do-quantity-buttons","13":"first","14":"instock","15":"taxable","16":"shipping-taxable","17":"purchasable","18":"product-type-simple"},"_links":{"self":[{"href":"https:\/\/www.ngdcare.nl\/sv\/wp-json\/wp\/v2\/product\/9055","targetHints":{"allow":["GET"]}}],"collection":[{"href":"https:\/\/www.ngdcare.nl\/sv\/wp-json\/wp\/v2\/product"}],"about":[{"href":"https:\/\/www.ngdcare.nl\/sv\/wp-json\/wp\/v2\/types\/product"}],"replies":[{"embeddable":true,"href":"https:\/\/www.ngdcare.nl\/sv\/wp-json\/wp\/v2\/comments?post=9055"}],"wp:featuredmedia":[{"embeddable":true,"href":"https:\/\/www.ngdcare.nl\/sv\/wp-json\/wp\/v2\/media\/11244"}],"wp:attachment":[{"href":"https:\/\/www.ngdcare.nl\/sv\/wp-json\/wp\/v2\/media?parent=9055"}],"wp:term":[{"taxonomy":"product_brand","embeddable":true,"href":"https:\/\/www.ngdcare.nl\/sv\/wp-json\/wp\/v2\/product_brand?post=9055"},{"taxonomy":"product_cat","embeddable":true,"href":"https:\/\/www.ngdcare.nl\/sv\/wp-json\/wp\/v2\/product_cat?post=9055"},{"taxonomy":"product_tag","embeddable":true,"href":"https:\/\/www.ngdcare.nl\/sv\/wp-json\/wp\/v2\/product_tag?post=9055"},{"taxonomy":"merken","embeddable":true,"href":"https:\/\/www.ngdcare.nl\/sv\/wp-json\/wp\/v2\/merken?post=9055"}],"curies":[{"name":"wp","href":"https:\/\/api.w.org\/{rel}","templated":true}]}}